{"id":5206,"date":"2014-08-06T08:40:48","date_gmt":"2014-08-06T08:40:48","guid":{"rendered":"http:\/\/demo.wpzoom.com\/inspiro\/?page_id=5206"},"modified":"2023-07-04T01:20:22","modified_gmt":"2023-07-04T01:20:22","slug":"prensa","status":"publish","type":"page","link":"https:\/\/lilianahermann.com.ar\/en\/prensa\/","title":{"rendered":"Press"},"content":{"rendered":"<div class=\"wpzoom-blocks wpzoom-blocks_portfolio-block wpzoom-portfolio-block-69f39c0ecb158 use-lightbox alignfull layout-grid columns-3 post_type-portfolio_item ajax-load-items wp-block-wpzoom-blocks-portfolio\" data-offset=\"6\" data-load-more='{\"categories\":[],\"class\":\"wpzoom-blocks_portfolio-block\",\"layout\":\"grid\",\"lightbox\":true,\"lightbox_caption\":false,\"order\":\"desc\",\"order_by\":\"menu_order date\",\"per_page\":6,\"read_more_label\":\"Read More\",\"show_author\":true,\"show_background_video\":true,\"show_date\":true,\"show_excerpt\":true,\"show_read_more\":true,\"show_thumbnail\":true,\"show_title\":false,\"source\":\"portfolio_item\",\"thumbnail_size\":\"portfolio_item-thumbnail\",\"total\":10}'><div class=\"wpzoom-blocks wpzoom-blocks_portfolio-block_filter\"><ul><li class=\"cat-item-all current-cat\">\n\t\t\t\t<a href=\"https:\/\/lilianahermann.com.ar\/en\/project\/\" class=\"wpz-portfolio-filter_link\">All<\/a>\n\t\t\t<\/li>\t<li class=\"cat-item cat-item-34 cat-posts-total-4 wpz-block-button\"><a href=\"https:\/\/lilianahermann.com.ar\/en\/portfolio\/deutsch\/\" class=\"wpz-portfolio-filter__link\">Deutsch<\/a>\n<\/li>\n\t<li class=\"cat-item cat-item-33 cat-posts-total-1 wpz-block-button\"><a href=\"https:\/\/lilianahermann.com.ar\/en\/portfolio\/english\/\" class=\"wpz-portfolio-filter__link\">English<\/a>\n<\/li>\n\t<li class=\"cat-item cat-item-35 cat-posts-total-5 wpz-block-button\"><a href=\"https:\/\/lilianahermann.com.ar\/en\/portfolio\/castellano\/\" class=\"wpz-portfolio-filter__link\">Espa\u00f1ol<\/a>\n<\/li>\n<\/ul><\/div><ul class=\"wpzoom-blocks wpzoom-blocks_portfolio-block_items-list\"><li class='wpzoom-blocks_portfolio-block_item wpzoom-blocks_portfolio-block_item-5770 wpzoom-blocks_portfolio-block_category-33 has-cover'  data-category='33'><article class='wpzoom-blocks_portfolio-block_item-wrap portfolio_item'><div class='wpzoom-blocks_portfolio-block_item-thumbnail'>\n\t\t\t\t\t\t<div class='wpzoom-blocks_portfolio-block_item-media'>\n\t\t\t\t\t\t\t<a href='https:\/\/lilianahermann.com.ar\/en\/project\/gwoon\/' title='Man who identified Eichmann in Argentina is honored posthumously' rel='bookmark'><img fetchpriority=\"high\" decoding=\"async\" width=\"600\" height=\"400\" src=\"https:\/\/lilianahermann.com.ar\/wp-content\/uploads\/2018\/01\/the-times-of-israel-01-600x400.png\" class=\"attachment-portfolio_item-thumbnail size-portfolio_item-thumbnail wp-post-image\" alt=\"\" srcset=\"https:\/\/lilianahermann.com.ar\/wp-content\/uploads\/2018\/01\/the-times-of-israel-01-600x400.png 600w, https:\/\/lilianahermann.com.ar\/wp-content\/uploads\/2018\/01\/the-times-of-israel-01-16x12.png 16w\" sizes=\"100vw\" \/><\/a>\n\t\t\t\t\t\t<\/div><div class=\"portfolio-block-entry-thumbnail-popover-content\" data-show-caption=\"\"><a class=\"mfp-image portfolio-block-popup-video popup_image_icon\" href=\"https:\/\/lilianahermann.com.ar\/wp-content\/uploads\/2018\/01\/the-times-of-israel-01.png\" aria-label=\"Man who identified Eichmann in Argentina is honored posthumously\"><span class='wpzoom-blocks_portfolio-block_lightbox_icon'>\n\t\t\t\t\t\t\t\t\t\t<svg enable-background='new 0 0 32 32' id='Layer_4' version='1.1' viewbox='0 0 32 32' xml:space='preserve' xmlns='http:\/\/www.w3.org\/2000\/svg' xmlns:xlink='http:\/\/www.w3.org\/1999\/xlink'>\n\t\t\t\t\t\t\t\t\t\t\t<g>\n\t\t\t\t\t\t\t\t\t\t\t\t<rect fill='none' height='30' stroke='#fff' stroke-linejoin='round' stroke-miterlimit='10' stroke-width='2' transform='matrix(6.123234e-17 -1 1 6.123234e-17 0 32)' width='30' x='1' y='1'\/>\n\t\t\t\t\t\t\t\t\t\t\t\t\t<line fill='none' stroke='#fff' stroke-linejoin='round' stroke-miterlimit='10' stroke-width='2' x1='27' x2='5' y1='5' y2='27'\/><polyline fill='none' points='16,27 5,27 5,16' stroke='#fff' stroke-linejoin='round' stroke-miterlimit='10' stroke-width='2'\/>\n\t\t\t\t\t\t\t\t\t\t\t\t\t<polyline fill='none' points='16,5 27,5 27,16' stroke='#fff' stroke-linejoin='round' stroke-miterlimit='10' stroke-width='2'\/>\n\t\t\t\t\t\t\t\t\t\t\t<\/g>\n\t\t\t\t\t\t\t\t\t\t<\/svg>\n\t\t\t\t\t\t\t\t\t<\/span><\/a><span class=\"portfolio_item-title\" style=\"display: none;\"><a href=\"https:\/\/lilianahermann.com.ar\/en\/project\/gwoon\/\" title=\"Man who identified Eichmann in Argentina is honored posthumously\">Man who identified Eichmann in Argentina is honored posthumously<\/a><\/span><\/div><\/div><div class='wpzoom-blocks_portfolio-block_item-details'><h3 class='wpzoom-blocks_portfolio-block_item-title'><a href='https:\/\/lilianahermann.com.ar\/en\/project\/gwoon\/' title='Man who identified Eichmann in Argentina is honored posthumously' rel='bookmark'>Man who identified Eichmann in Argentina is honored posthumously<\/a><\/h3><\/div><\/article><\/li><li class='wpzoom-blocks_portfolio-block_item wpzoom-blocks_portfolio-block_item-5746 wpzoom-blocks_portfolio-block_category-35 has-cover'  data-category='35'><article class='wpzoom-blocks_portfolio-block_item-wrap portfolio_item'><div class='wpzoom-blocks_portfolio-block_item-thumbnail'>\n\t\t\t\t\t\t<div class='wpzoom-blocks_portfolio-block_item-media'>\n\t\t\t\t\t\t\t<a href='https:\/\/lilianahermann.com.ar\/en\/project\/christchurch-kia-kaha-new-zealand\/' title='El hombre que desvel\u00f3 el paradero del criminal nazi Adolf Eichmann' rel='bookmark'><img decoding=\"async\" width=\"600\" height=\"400\" src=\"https:\/\/lilianahermann.com.ar\/wp-content\/uploads\/2017\/09\/bitacora01-600x400.png\" class=\"attachment-portfolio_item-thumbnail size-portfolio_item-thumbnail wp-post-image\" alt=\"\" srcset=\"https:\/\/lilianahermann.com.ar\/wp-content\/uploads\/2017\/09\/bitacora01.png 600w, https:\/\/lilianahermann.com.ar\/wp-content\/uploads\/2017\/09\/bitacora01-300x200.png 300w, https:\/\/lilianahermann.com.ar\/wp-content\/uploads\/2017\/09\/bitacora01-18x12.png 18w\" sizes=\"100vw\" \/><\/a>\n\t\t\t\t\t\t<\/div><div class=\"portfolio-block-entry-thumbnail-popover-content\" data-show-caption=\"\"><a class=\"mfp-image portfolio-block-popup-video popup_image_icon\" href=\"https:\/\/lilianahermann.com.ar\/wp-content\/uploads\/2017\/09\/bitacora01.png\" aria-label=\"El hombre que desvel\u00f3 el paradero del criminal nazi Adolf Eichmann\"><span class='wpzoom-blocks_portfolio-block_lightbox_icon'>\n\t\t\t\t\t\t\t\t\t\t<svg enable-background='new 0 0 32 32' id='Layer_4' version='1.1' viewbox='0 0 32 32' xml:space='preserve' xmlns='http:\/\/www.w3.org\/2000\/svg' xmlns:xlink='http:\/\/www.w3.org\/1999\/xlink'>\n\t\t\t\t\t\t\t\t\t\t\t<g>\n\t\t\t\t\t\t\t\t\t\t\t\t<rect fill='none' height='30' stroke='#fff' stroke-linejoin='round' stroke-miterlimit='10' stroke-width='2' transform='matrix(6.123234e-17 -1 1 6.123234e-17 0 32)' width='30' x='1' y='1'\/>\n\t\t\t\t\t\t\t\t\t\t\t\t\t<line fill='none' stroke='#fff' stroke-linejoin='round' stroke-miterlimit='10' stroke-width='2' x1='27' x2='5' y1='5' y2='27'\/><polyline fill='none' points='16,27 5,27 5,16' stroke='#fff' stroke-linejoin='round' stroke-miterlimit='10' stroke-width='2'\/>\n\t\t\t\t\t\t\t\t\t\t\t\t\t<polyline fill='none' points='16,5 27,5 27,16' stroke='#fff' stroke-linejoin='round' stroke-miterlimit='10' stroke-width='2'\/>\n\t\t\t\t\t\t\t\t\t\t\t<\/g>\n\t\t\t\t\t\t\t\t\t\t<\/svg>\n\t\t\t\t\t\t\t\t\t<\/span><\/a><span class=\"portfolio_item-title\" style=\"display: none;\"><a href=\"https:\/\/lilianahermann.com.ar\/en\/project\/christchurch-kia-kaha-new-zealand\/\" title=\"El hombre que desvel\u00f3 el paradero del criminal nazi Adolf Eichmann\">El hombre que desvel\u00f3 el paradero del criminal nazi Adolf Eichmann<\/a><\/span><\/div><\/div><div class='wpzoom-blocks_portfolio-block_item-details'><h3 class='wpzoom-blocks_portfolio-block_item-title'><a href='https:\/\/lilianahermann.com.ar\/en\/project\/christchurch-kia-kaha-new-zealand\/' title='El hombre que desvel\u00f3 el paradero del criminal nazi Adolf Eichmann' rel='bookmark'>El hombre que desvel\u00f3 el paradero del criminal nazi Adolf Eichmann<\/a><\/h3><\/div><\/article><\/li><li class='wpzoom-blocks_portfolio-block_item wpzoom-blocks_portfolio-block_item-5711 wpzoom-blocks_portfolio-block_category-35 has-cover'  data-category='35'><article class='wpzoom-blocks_portfolio-block_item-wrap portfolio_item'><div class='wpzoom-blocks_portfolio-block_item-thumbnail'>\n\t\t\t\t\t\t<div class='wpzoom-blocks_portfolio-block_item-media'>\n\t\t\t\t\t\t\t<a href='https:\/\/lilianahermann.com.ar\/en\/project\/ivory-fly-style\/' title='Lothar Hermann, el vecino de Olivos que descubri\u00f3 a Eichmann, en el cine York' rel='bookmark'><img decoding=\"async\" width=\"600\" height=\"400\" src=\"https:\/\/lilianahermann.com.ar\/wp-content\/uploads\/2017\/09\/prensalibre-600x400.png\" class=\"attachment-portfolio_item-thumbnail size-portfolio_item-thumbnail wp-post-image\" alt=\"\" srcset=\"https:\/\/lilianahermann.com.ar\/wp-content\/uploads\/2017\/09\/prensalibre.png 600w, https:\/\/lilianahermann.com.ar\/wp-content\/uploads\/2017\/09\/prensalibre-300x200.png 300w, https:\/\/lilianahermann.com.ar\/wp-content\/uploads\/2017\/09\/prensalibre-18x12.png 18w\" sizes=\"100vw\" \/><\/a>\n\t\t\t\t\t\t<\/div><div class=\"portfolio-block-entry-thumbnail-popover-content\" data-show-caption=\"\"><a class=\"mfp-image portfolio-block-popup-video popup_image_icon\" href=\"https:\/\/lilianahermann.com.ar\/wp-content\/uploads\/2017\/09\/prensalibre.png\" aria-label=\"Lothar Hermann, el vecino de Olivos que descubri\u00f3 a Eichmann, en el cine York\"><span class='wpzoom-blocks_portfolio-block_lightbox_icon'>\n\t\t\t\t\t\t\t\t\t\t<svg enable-background='new 0 0 32 32' id='Layer_4' version='1.1' viewbox='0 0 32 32' xml:space='preserve' xmlns='http:\/\/www.w3.org\/2000\/svg' xmlns:xlink='http:\/\/www.w3.org\/1999\/xlink'>\n\t\t\t\t\t\t\t\t\t\t\t<g>\n\t\t\t\t\t\t\t\t\t\t\t\t<rect fill='none' height='30' stroke='#fff' stroke-linejoin='round' stroke-miterlimit='10' stroke-width='2' transform='matrix(6.123234e-17 -1 1 6.123234e-17 0 32)' width='30' x='1' y='1'\/>\n\t\t\t\t\t\t\t\t\t\t\t\t\t<line fill='none' stroke='#fff' stroke-linejoin='round' stroke-miterlimit='10' stroke-width='2' x1='27' x2='5' y1='5' y2='27'\/><polyline fill='none' points='16,27 5,27 5,16' stroke='#fff' stroke-linejoin='round' stroke-miterlimit='10' stroke-width='2'\/>\n\t\t\t\t\t\t\t\t\t\t\t\t\t<polyline fill='none' points='16,5 27,5 27,16' stroke='#fff' stroke-linejoin='round' stroke-miterlimit='10' stroke-width='2'\/>\n\t\t\t\t\t\t\t\t\t\t\t<\/g>\n\t\t\t\t\t\t\t\t\t\t<\/svg>\n\t\t\t\t\t\t\t\t\t<\/span><\/a><span class=\"portfolio_item-title\" style=\"display: none;\"><a href=\"https:\/\/lilianahermann.com.ar\/en\/project\/ivory-fly-style\/\" title=\"Lothar Hermann, el vecino de Olivos que descubri\u00f3 a Eichmann, en el cine York\">Lothar Hermann, el vecino de Olivos que descubri\u00f3 a Eichmann, en el cine York<\/a><\/span><\/div><\/div><div class='wpzoom-blocks_portfolio-block_item-details'><h3 class='wpzoom-blocks_portfolio-block_item-title'><a href='https:\/\/lilianahermann.com.ar\/en\/project\/ivory-fly-style\/' title='Lothar Hermann, el vecino de Olivos que descubri\u00f3 a Eichmann, en el cine York' rel='bookmark'>Lothar Hermann, el vecino de Olivos que descubri\u00f3 a Eichmann, en el cine York<\/a><\/h3><\/div><\/article><\/li><li class='wpzoom-blocks_portfolio-block_item wpzoom-blocks_portfolio-block_item-5709 wpzoom-blocks_portfolio-block_category-34 has-cover'  data-category='34'><article class='wpzoom-blocks_portfolio-block_item-wrap portfolio_item'><div class='wpzoom-blocks_portfolio-block_item-thumbnail'>\n\t\t\t\t\t\t<div class='wpzoom-blocks_portfolio-block_item-media'>\n\t\t\t\t\t\t\t<a href='https:\/\/lilianahermann.com.ar\/en\/project\/porsche-macan\/' title='Gedenken an Lothar Hermann in Argentinien' rel='bookmark'><img loading=\"lazy\" decoding=\"async\" width=\"600\" height=\"400\" src=\"https:\/\/lilianahermann.com.ar\/wp-content\/uploads\/2017\/09\/kurier-600x400.png\" class=\"attachment-portfolio_item-thumbnail size-portfolio_item-thumbnail wp-post-image\" alt=\"\" srcset=\"https:\/\/lilianahermann.com.ar\/wp-content\/uploads\/2017\/09\/kurier.png 600w, https:\/\/lilianahermann.com.ar\/wp-content\/uploads\/2017\/09\/kurier-300x200.png 300w, https:\/\/lilianahermann.com.ar\/wp-content\/uploads\/2017\/09\/kurier-18x12.png 18w\" sizes=\"100vw\" \/><\/a>\n\t\t\t\t\t\t<\/div><div class=\"portfolio-block-entry-thumbnail-popover-content\" data-show-caption=\"\"><a class=\"mfp-image portfolio-block-popup-video popup_image_icon\" href=\"https:\/\/lilianahermann.com.ar\/wp-content\/uploads\/2017\/09\/kurier.png\" aria-label=\"Gedenken an Lothar Hermann in Argentinien\"><span class='wpzoom-blocks_portfolio-block_lightbox_icon'>\n\t\t\t\t\t\t\t\t\t\t<svg enable-background='new 0 0 32 32' id='Layer_4' version='1.1' viewbox='0 0 32 32' xml:space='preserve' xmlns='http:\/\/www.w3.org\/2000\/svg' xmlns:xlink='http:\/\/www.w3.org\/1999\/xlink'>\n\t\t\t\t\t\t\t\t\t\t\t<g>\n\t\t\t\t\t\t\t\t\t\t\t\t<rect fill='none' height='30' stroke='#fff' stroke-linejoin='round' stroke-miterlimit='10' stroke-width='2' transform='matrix(6.123234e-17 -1 1 6.123234e-17 0 32)' width='30' x='1' y='1'\/>\n\t\t\t\t\t\t\t\t\t\t\t\t\t<line fill='none' stroke='#fff' stroke-linejoin='round' stroke-miterlimit='10' stroke-width='2' x1='27' x2='5' y1='5' y2='27'\/><polyline fill='none' points='16,27 5,27 5,16' stroke='#fff' stroke-linejoin='round' stroke-miterlimit='10' stroke-width='2'\/>\n\t\t\t\t\t\t\t\t\t\t\t\t\t<polyline fill='none' points='16,5 27,5 27,16' stroke='#fff' stroke-linejoin='round' stroke-miterlimit='10' stroke-width='2'\/>\n\t\t\t\t\t\t\t\t\t\t\t<\/g>\n\t\t\t\t\t\t\t\t\t\t<\/svg>\n\t\t\t\t\t\t\t\t\t<\/span><\/a><span class=\"portfolio_item-title\" style=\"display: none;\"><a href=\"https:\/\/lilianahermann.com.ar\/en\/project\/porsche-macan\/\" title=\"Gedenken an Lothar Hermann in Argentinien\">Gedenken an Lothar Hermann in Argentinien<\/a><\/span><\/div><\/div><div class='wpzoom-blocks_portfolio-block_item-details'><h3 class='wpzoom-blocks_portfolio-block_item-title'><a href='https:\/\/lilianahermann.com.ar\/en\/project\/porsche-macan\/' title='Gedenken an Lothar Hermann in Argentinien' rel='bookmark'>Gedenken an Lothar Hermann in Argentinien<\/a><\/h3><\/div><\/article><\/li><li class='wpzoom-blocks_portfolio-block_item wpzoom-blocks_portfolio-block_item-5705 wpzoom-blocks_portfolio-block_category-35 has-cover'  data-category='35'><article class='wpzoom-blocks_portfolio-block_item-wrap portfolio_item'><div class='wpzoom-blocks_portfolio-block_item-thumbnail'>\n\t\t\t\t\t\t<div class='wpzoom-blocks_portfolio-block_item-media'>\n\t\t\t\t\t\t\t<a href='https:\/\/lilianahermann.com.ar\/en\/project\/finlandia\/' title='Revelan que el hombre que descubri\u00f3 a Eichmann fue perseguido y torturado' rel='bookmark'><img loading=\"lazy\" decoding=\"async\" width=\"600\" height=\"400\" src=\"https:\/\/lilianahermann.com.ar\/wp-content\/uploads\/2017\/09\/clarin-600x400.png\" class=\"attachment-portfolio_item-thumbnail size-portfolio_item-thumbnail wp-post-image\" alt=\"\" srcset=\"https:\/\/lilianahermann.com.ar\/wp-content\/uploads\/2017\/09\/clarin.png 600w, https:\/\/lilianahermann.com.ar\/wp-content\/uploads\/2017\/09\/clarin-300x200.png 300w, https:\/\/lilianahermann.com.ar\/wp-content\/uploads\/2017\/09\/clarin-18x12.png 18w\" sizes=\"100vw\" \/><\/a>\n\t\t\t\t\t\t<\/div><div class=\"portfolio-block-entry-thumbnail-popover-content\" data-show-caption=\"\"><a class=\"mfp-image portfolio-block-popup-video popup_image_icon\" href=\"https:\/\/lilianahermann.com.ar\/wp-content\/uploads\/2017\/09\/clarin.png\" aria-label=\"Revelan que el hombre que descubri\u00f3 a Eichmann fue perseguido y torturado\"><span class='wpzoom-blocks_portfolio-block_lightbox_icon'>\n\t\t\t\t\t\t\t\t\t\t<svg enable-background='new 0 0 32 32' id='Layer_4' version='1.1' viewbox='0 0 32 32' xml:space='preserve' xmlns='http:\/\/www.w3.org\/2000\/svg' xmlns:xlink='http:\/\/www.w3.org\/1999\/xlink'>\n\t\t\t\t\t\t\t\t\t\t\t<g>\n\t\t\t\t\t\t\t\t\t\t\t\t<rect fill='none' height='30' stroke='#fff' stroke-linejoin='round' stroke-miterlimit='10' stroke-width='2' transform='matrix(6.123234e-17 -1 1 6.123234e-17 0 32)' width='30' x='1' y='1'\/>\n\t\t\t\t\t\t\t\t\t\t\t\t\t<line fill='none' stroke='#fff' stroke-linejoin='round' stroke-miterlimit='10' stroke-width='2' x1='27' x2='5' y1='5' y2='27'\/><polyline fill='none' points='16,27 5,27 5,16' stroke='#fff' stroke-linejoin='round' stroke-miterlimit='10' stroke-width='2'\/>\n\t\t\t\t\t\t\t\t\t\t\t\t\t<polyline fill='none' points='16,5 27,5 27,16' stroke='#fff' stroke-linejoin='round' stroke-miterlimit='10' stroke-width='2'\/>\n\t\t\t\t\t\t\t\t\t\t\t<\/g>\n\t\t\t\t\t\t\t\t\t\t<\/svg>\n\t\t\t\t\t\t\t\t\t<\/span><\/a><span class=\"portfolio_item-title\" style=\"display: none;\"><a href=\"https:\/\/lilianahermann.com.ar\/en\/project\/finlandia\/\" title=\"Revelan que el hombre que descubri\u00f3 a Eichmann fue perseguido y torturado\">Revelan que el hombre que descubri\u00f3 a Eichmann fue perseguido y torturado<\/a><\/span><\/div><\/div><div class='wpzoom-blocks_portfolio-block_item-details'><h3 class='wpzoom-blocks_portfolio-block_item-title'><a href='https:\/\/lilianahermann.com.ar\/en\/project\/finlandia\/' title='Revelan que el hombre que descubri\u00f3 a Eichmann fue perseguido y torturado' rel='bookmark'>Revelan que el hombre que descubri\u00f3 a Eichmann fue perseguido y torturado<\/a><\/h3><\/div><\/article><\/li><li class='wpzoom-blocks_portfolio-block_item wpzoom-blocks_portfolio-block_item-5703 wpzoom-blocks_portfolio-block_category-34 has-cover'  data-category='34'><article class='wpzoom-blocks_portfolio-block_item-wrap portfolio_item'><div class='wpzoom-blocks_portfolio-block_item-thumbnail'>\n\t\t\t\t\t\t<div class='wpzoom-blocks_portfolio-block_item-media'>\n\t\t\t\t\t\t\t<a href='https:\/\/lilianahermann.com.ar\/en\/project\/tendance-roadster\/' title='Sp\u00e4te Ehre f\u00fcr Enttarner Eichmanns' rel='bookmark'><img loading=\"lazy\" decoding=\"async\" width=\"600\" height=\"400\" src=\"https:\/\/lilianahermann.com.ar\/wp-content\/uploads\/2017\/09\/dw-600x400.png\" class=\"attachment-portfolio_item-thumbnail size-portfolio_item-thumbnail wp-post-image\" alt=\"\" srcset=\"https:\/\/lilianahermann.com.ar\/wp-content\/uploads\/2017\/09\/dw.png 600w, https:\/\/lilianahermann.com.ar\/wp-content\/uploads\/2017\/09\/dw-300x200.png 300w, https:\/\/lilianahermann.com.ar\/wp-content\/uploads\/2017\/09\/dw-18x12.png 18w\" sizes=\"100vw\" \/><\/a>\n\t\t\t\t\t\t<\/div><div class=\"portfolio-block-entry-thumbnail-popover-content\" data-show-caption=\"\"><a class=\"mfp-image portfolio-block-popup-video popup_image_icon\" href=\"https:\/\/lilianahermann.com.ar\/wp-content\/uploads\/2017\/09\/dw.png\" aria-label=\"Sp\u00e4te Ehre f\u00fcr Enttarner Eichmanns\"><span class='wpzoom-blocks_portfolio-block_lightbox_icon'>\n\t\t\t\t\t\t\t\t\t\t<svg enable-background='new 0 0 32 32' id='Layer_4' version='1.1' viewbox='0 0 32 32' xml:space='preserve' xmlns='http:\/\/www.w3.org\/2000\/svg' xmlns:xlink='http:\/\/www.w3.org\/1999\/xlink'>\n\t\t\t\t\t\t\t\t\t\t\t<g>\n\t\t\t\t\t\t\t\t\t\t\t\t<rect fill='none' height='30' stroke='#fff' stroke-linejoin='round' stroke-miterlimit='10' stroke-width='2' transform='matrix(6.123234e-17 -1 1 6.123234e-17 0 32)' width='30' x='1' y='1'\/>\n\t\t\t\t\t\t\t\t\t\t\t\t\t<line fill='none' stroke='#fff' stroke-linejoin='round' stroke-miterlimit='10' stroke-width='2' x1='27' x2='5' y1='5' y2='27'\/><polyline fill='none' points='16,27 5,27 5,16' stroke='#fff' stroke-linejoin='round' stroke-miterlimit='10' stroke-width='2'\/>\n\t\t\t\t\t\t\t\t\t\t\t\t\t<polyline fill='none' points='16,5 27,5 27,16' stroke='#fff' stroke-linejoin='round' stroke-miterlimit='10' stroke-width='2'\/>\n\t\t\t\t\t\t\t\t\t\t\t<\/g>\n\t\t\t\t\t\t\t\t\t\t<\/svg>\n\t\t\t\t\t\t\t\t\t<\/span><\/a><span class=\"portfolio_item-title\" style=\"display: none;\"><a href=\"https:\/\/lilianahermann.com.ar\/en\/project\/tendance-roadster\/\" title=\"Sp\u00e4te Ehre f\u00fcr Enttarner Eichmanns\">Sp\u00e4te Ehre f\u00fcr Enttarner Eichmanns<\/a><\/span><\/div><\/div><div class='wpzoom-blocks_portfolio-block_item-details'><h3 class='wpzoom-blocks_portfolio-block_item-title'><a href='https:\/\/lilianahermann.com.ar\/en\/project\/tendance-roadster\/' title='Sp\u00e4te Ehre f\u00fcr Enttarner Eichmanns' rel='bookmark'>Sp\u00e4te Ehre f\u00fcr Enttarner Eichmanns<\/a><\/h3><\/div><\/article><\/li><li class=\"wpzoom-preloader-container\"><div class=\"wpzoom-portfolio-preloader\"><svg  width=\"75\" version=\"1.1\" id=\"L4\" xmlns=\"http:\/\/www.w3.org\/2000\/svg\" xmlns:xlink=\"http:\/\/www.w3.org\/1999\/xlink\" x=\"0px\" y=\"0px\" viewbox=\"0 0 100 100\" enable-background=\"new 0 0 0 0\" xml:space=\"preserve\">\n\t\t  <circle fill=\"#000\" stroke=\"none\" cx=\"6\" cy=\"50\" r=\"6\"><animate attributename=\"opacity\" dur=\"1s\" values=\"0;1;0\" repeatcount=\"indefinite\" begin=\"0.1\"\/><\/circle>\n\t\t  <circle fill=\"#000\" stroke=\"none\" cx=\"26\" cy=\"50\" r=\"6\"><animate attributename=\"opacity\" dur=\"1s\" values=\"0;1;0\" repeatcount=\"indefinite\" begin=\"0.2\"\/><\/circle>\n\t\t  <circle fill=\"#000\" stroke=\"none\" cx=\"46\" cy=\"50\" r=\"6\"><animate attributename=\"opacity\" dur=\"1s\" values=\"0;1;0\" repeatcount=\"indefinite\" begin=\"0.3\"\/><\/circle>\n\t\t<\/svg><\/div><\/li><\/ul><div class=\"wpzoom-blocks wpzoom-blocks_portfolio-block_show-more-view-all-wrap single-button\">\n\t\t\t<div class=\"wpzoom-blocks wpzoom-blocks_portfolio-block_show-more\">\n\t\t\t<a href=\"#\" title=\"Show more portfolio items\" class=\"wpz-portfolio-button__link\">Load More&#8230;<\/a>\n\t\t<\/div>\n\t\t\t\n\t\t<\/div><\/div><!--.wpzoom-blocks wpzoom-blocks_portfolio-block--><style>.wpzoom-blocks_portfolio-block.wpzoom-portfolio-block-69f39c0ecb158 {}.wpzoom-blocks_portfolio-block.wpzoom-portfolio-block-69f39c0ecb158 { color:#000}.wpzoom-blocks_portfolio-block.wpzoom-portfolio-block-69f39c0ecb158 .wpzoom-blocks_portfolio-block_filter ul li a,\n\t\t\t.wpzoom-blocks_portfolio-block.wpzoom-portfolio-block-69f39c0ecb158.layout-list .wpzoom-blocks_portfolio-block_items-list .wpzoom-blocks_portfolio-block_item .wpzoom-blocks_portfolio-block_item-title a {\n\t\t\t\tcolor:#000;\n\t\t\t}.wpzoom-blocks_portfolio-block.wpzoom-portfolio-block-69f39c0ecb158 .wpzoom-blocks_portfolio-block_filter ul li a:hover,\n\t\t\t\t.wpzoom-blocks_portfolio-block.wpzoom-portfolio-block-69f39c0ecb158 .wpzoom-blocks_portfolio-block_filter ul li.current-cat a:hover,\n\t\t\t\t.wpzoom-blocks_portfolio-.wpzoom-portfolio-block-69f39c0ecb158.layout-list .wpzoom-blocks_portfolio-block_items-list .wpzoom-blocks_portfolio-block_item .wpzoom-blocks_portfolio-block_item-title a:hover {\n\t\t\t\t\tcolor:#0BB4AA;\n\t\t\t\t}.wpzoom-blocks_portfolio-block.wpzoom-portfolio-block-69f39c0ecb158 .wpzoom-blocks_portfolio-block_filter ul li.current-cat a { color:#0BB4AA; }.wpzoom-blocks_portfolio-block.wpzoom-portfolio-block-69f39c0ecb158 .wpzoom-blocks_portfolio-block_filter ul li a {font-weight: 400 !important;letter-spacing: 1px;}.wpzoom-blocks_portfolio-block.wpzoom-portfolio-block-69f39c0ecb158 .wpzoom-blocks_portfolio-block_item-details .wpzoom-blocks_portfolio-block_item-title a {line-height: 1.2;font-weight: 500 !important;letter-spacing: 1px;}.wpzoom-blocks_portfolio-block.wpzoom-portfolio-block-69f39c0ecb158 .wpz-portfolio-button__link {letter-spacing: 1px;border-style:solid;border-width:0px;}<\/style>","protected":false},"excerpt":{"rendered":"","protected":false},"author":2,"featured_media":0,"parent":0,"menu_order":0,"comment_status":"open","ping_status":"closed","template":"page-templates\/full-width-builder-bb.php","meta":{"inspiro_hide_title":false,"footnotes":""},"class_list":["post-5206","page","type-page","status-publish","hentry"],"featured_media_urls":[],"_links":{"self":[{"href":"https:\/\/lilianahermann.com.ar\/en\/wp-json\/wp\/v2\/pages\/5206","targetHints":{"allow":["GET"]}}],"collection":[{"href":"https:\/\/lilianahermann.com.ar\/en\/wp-json\/wp\/v2\/pages"}],"about":[{"href":"https:\/\/lilianahermann.com.ar\/en\/wp-json\/wp\/v2\/types\/page"}],"author":[{"embeddable":true,"href":"https:\/\/lilianahermann.com.ar\/en\/wp-json\/wp\/v2\/users\/2"}],"replies":[{"embeddable":true,"href":"https:\/\/lilianahermann.com.ar\/en\/wp-json\/wp\/v2\/comments?post=5206"}],"version-history":[{"count":1,"href":"https:\/\/lilianahermann.com.ar\/en\/wp-json\/wp\/v2\/pages\/5206\/revisions"}],"predecessor-version":[{"id":6721,"href":"https:\/\/lilianahermann.com.ar\/en\/wp-json\/wp\/v2\/pages\/5206\/revisions\/6721"}],"wp:attachment":[{"href":"https:\/\/lilianahermann.com.ar\/en\/wp-json\/wp\/v2\/media?parent=5206"}],"curies":[{"name":"wp","href":"https:\/\/api.w.org\/{rel}","templated":true}]}}